{"id":1674,"date":"2016-11-02T14:04:49","date_gmt":"2016-11-02T10:34:49","guid":{"rendered":"https:\/\/www.tadavom-co.com\/?page_id=1674&#038;lang=fr"},"modified":"2016-11-13T18:31:51","modified_gmt":"2016-11-13T15:01:51","slug":"contactez-nous","status":"publish","type":"page","link":"https:\/\/www.tadavom-co.com\/fr\/contactez-nous\/","title":{"rendered":"Contactez-nous"},"content":{"rendered":"<div class=\"wpb-content-wrapper\"><p>[vc_row css=\u00a0\u00bb.vc_custom_1452509933393{margin-bottom: 41px !important;}\u00a0\u00bb][vc_column][vc_row_inner css=\u00a0\u00bb.vc_custom_1452504967583{margin-bottom: 33px !important;}\u00a0\u00bb][vc_column_inner width=\u00a0\u00bb1\/2&Prime;][stm_contacts_widget class=\u00a0\u00bboverlay_3&Prime; phone=\u00a0\u00bbTel\/Fax : +98 21 44 49 22 80&Prime; email=\u00a0\u00bbinfo@tadavom-co.com\u00a0\u00bb css=\u00a0\u00bb.vc_custom_1479049307505{padding-top: 46px !important;padding-right: 50px !important;padding-bottom: 46px !important;padding-left: 50px !important;background-image: url(https:\/\/www.tadavom-co.com\/wp-content\/uploads\/2016\/10\/flag-iran.png?id=1408) !important;background-position: center !important;background-repeat: no-repeat !important;background-size: cover !important;}\u00a0\u00bb title=\u00a0\u00bbNos coordonn\u00e9es en Iran\u00a0\u00bb address=\u00a0\u00bbTadavom Co., 2\u00e8me \u00e9tage, n\u00b019, 19 Bahman Alley, Sattari Highway, Tehran, Iran\u00a0\u00bb][\/vc_column_inner][vc_column_inner width=\u00a0\u00bb1\/2&Prime;][vc_gmaps link=\u00a0\u00bb#E-8_JTNDaWZyYW1lJTIwc3JjJTNEJTIyaHR0cHMlM0ElMkYlMkZ3d3cuZ29vZ2xlLmNvbSUyRm1hcHMlMkZlbWJlZCUzRnBiJTNEJTIxMW0xOCUyMTFtMTIlMjExbTMlMjExZDMyMzcuODM1ODU4Mjk0OTM4NiUyMTJkNTEuMzE2ODIyNTQzMzUzMjU0JTIxM2QzNS43NTQ4Mzg5ODU5ODMyMDYlMjEybTMlMjExZjAlMjEyZjAlMjEzZjAlMjEzbTIlMjExaTEwMjQlMjEyaTc2OCUyMTRmMTMuMSUyMTNtMyUyMTFtMiUyMTFzMHgwJTI1M0EweDAlMjEyek16WENzRFExSnpFM0xqUWlUaUExTWNLd01Ua25NRGN1TWlKRiUyMTVlMCUyMTNtMiUyMTFzZW4lMjEyc2lyJTIxNHYxNDc0MTIzMDY2NzY1JTIyJTIwd2lkdGglM0QlMjI2MDAlMjIlMjBoZWlnaHQlM0QlMjI0NTAlMjIlMjBmcmFtZWJvcmRlciUzRCUyMjAlMjIlMjBzdHlsZSUzRCUyMmJvcmRlciUzQTAlMjIlMjBhbGxvd2Z1bGxzY3JlZW4lM0UlM0MlMkZpZnJhbWUlM0U=\u00a0\u00bb size=\u00a0\u00bb290px\u00a0\u00bb][\/vc_column_inner][\/vc_row_inner][vc_row_inner css=\u00a0\u00bb.vc_custom_1452504967583{margin-bottom: 33px !important;}\u00a0\u00bb][vc_column_inner width=\u00a0\u00bb1\/2&Prime;][stm_contacts_widget class=\u00a0\u00bboverlay_3&Prime; phone=\u00a0\u00bbT\u00e9l: +33 (0)1 39 22 40 68 | Fax: +33 (0)1 39 28 04 56&Prime; email=\u00a0\u00bbinfo@foodbiotic.com\u00a0\u00bb css=\u00a0\u00bb.vc_custom_1478681423762{padding-top: 46px !important;padding-right: 50px !important;padding-bottom: 46px !important;padding-left: 50px !important;background-image: url(https:\/\/www.tadavom-co.com\/wp-content\/uploads\/2016\/10\/flag-france.png?id=1405) !important;background-position: center !important;background-repeat: no-repeat !important;background-size: cover !important;}\u00a0\u00bb title=\u00a0\u00bbNos coordonn\u00e9es en France\u00a0\u00bb address=\u00a0\u00bbFoodbiotic, Le Technoparc, 22 rue Gustave Eiffel, 78306 Poissy Cedex, Paris, France\u00a0\u00bb][\/vc_column_inner][vc_column_inner width=\u00a0\u00bb1\/2&Prime;][vc_gmaps link=\u00a0\u00bb#E-8_JTNDaWZyYW1lJTIwc3JjJTNEJTIyaHR0cHMlM0ElMkYlMkZ3d3cuZ29vZ2xlLmNvbSUyRm1hcHMlMkZlbWJlZCUzRnBiJTNEJTIxMW0xOCUyMTFtMTIlMjExbTMlMjExZDIyMDMuNDkxMDE3MjY2ODQyNCUyMTJkMi4wNjI3MTY1NTk3MTExMDYlMjEzZDQ4Ljk0NTczMTg3NTk5ODc1JTIxMm0zJTIxMWYwJTIxMmYwJTIxM2YwJTIxM20yJTIxMWkxMDI0JTIxMmk3NjglMjE0ZjEzLjElMjEzbTMlMjExbTIlMjExczB4NDdlNjhhMmI5NGQ5M2Y4YiUyNTNBMHgyNGYxYjJmMDFmM2UwODVkJTIxMnMyMiUyQlJ1ZSUyQkd1c3RhdmUlMkJFaWZmZWwlMjUyQyUyQjc4MzAwJTJCUG9pc3N5JTI1MkMlMkJGcmFuY2UlMjE1ZTAlMjEzbTIlMjExc2VuJTIxMnNpciUyMTR2MTQ3NTU5NDI3MTczOSUyMiUyMHdpZHRoJTNEJTIyNjAwJTIyJTIwaGVpZ2h0JTNEJTIyNDUwJTIyJTIwZnJhbWVib3JkZXIlM0QlMjIwJTIyJTIwc3R5bGUlM0QlMjJib3JkZXIlM0EwJTIyJTIwYWxsb3dmdWxsc2NyZWVuJTNFJTNDJTJGaWZyYW1lJTNF\u00a0\u00bb size=\u00a0\u00bb290px\u00a0\u00bb][\/vc_column_inner][\/vc_row_inner][vc_row_inner][vc_column_inner][vc_custom_heading text=\u00a0\u00bbContactez-nous\u00a0\u00bb font_container=\u00a0\u00bbtag:h4|text_align:left\u00a0\u00bb use_theme_fonts=\u00a0\u00bbyes\u00a0\u00bb css=\u00a0\u00bb.vc_custom_1478681510235{margin-bottom: 30px !important;}\u00a0\u00bb]\n<div class=\"wpcf7 no-js\" id=\"wpcf7-f1822-o1\" lang=\"en-US\" dir=\"ltr\" data-wpcf7-id=\"1822\">\n<div class=\"screen-reader-response\"><p role=\"status\" aria-live=\"polite\" aria-atomic=\"true\"><\/p> <ul><\/ul><\/div>\n<form action=\"\/fr\/wp-json\/wp\/v2\/pages\/1674#wpcf7-f1822-o1\" method=\"post\" class=\"wpcf7-form init\" aria-label=\"Contact form\" novalidate=\"novalidate\" data-status=\"init\">\n<fieldset class=\"hidden-fields-container\"><input type=\"hidden\" name=\"_wpcf7\" value=\"1822\" \/><input type=\"hidden\" name=\"_wpcf7_version\" value=\"6.1.5\" \/><input type=\"hidden\" name=\"_wpcf7_locale\" value=\"en_US\" \/><input type=\"hidden\" name=\"_wpcf7_unit_tag\" value=\"wpcf7-f1822-o1\" \/><input type=\"hidden\" name=\"_wpcf7_container_post\" value=\"0\" \/><input type=\"hidden\" name=\"_wpcf7_posted_data_hash\" value=\"\" \/>\n<\/fieldset>\n<div class=\"request_callback\">\n\t<div class=\"row\">\n\t\t<div class=\"col-lg-6 col-md-6 col-sm-6 col-xs-12\">\n\t\t\t<div class=\"input-group\">\n\t\t\t\t<p><span class=\"wpcf7-form-control-wrap\" data-name=\"your-name\"><input size=\"40\" maxlength=\"400\" class=\"wpcf7-form-control wpcf7-text wpcf7-validates-as-required\" aria-required=\"true\" aria-invalid=\"false\" placeholder=\"Nom *\" value=\"\" type=\"text\" name=\"your-name\" \/><\/span>\n\t\t\t\t<\/p>\n\t\t\t<\/div>\n\t\t\t<div class=\"input-group\">\n\t\t\t\t<p><span class=\"wpcf7-form-control-wrap\" data-name=\"email\"><input size=\"40\" maxlength=\"400\" class=\"wpcf7-form-control wpcf7-email wpcf7-validates-as-required wpcf7-text wpcf7-validates-as-email\" aria-required=\"true\" aria-invalid=\"false\" placeholder=\"E-mail *\" value=\"\" type=\"email\" name=\"email\" \/><\/span>\n\t\t\t\t<\/p>\n\t\t\t<\/div>\n\t\t\t<div class=\"input-group\">\n\t\t\t\t<p><span class=\"wpcf7-form-control-wrap\" data-name=\"phone\"><input size=\"40\" maxlength=\"400\" class=\"wpcf7-form-control wpcf7-tel wpcf7-validates-as-required wpcf7-text wpcf7-validates-as-tel\" aria-required=\"true\" aria-invalid=\"false\" placeholder=\"num\u00e9ro de t\u00e9l\u00e9phone *\" value=\"\" type=\"tel\" name=\"phone\" \/><\/span>\n\t\t\t\t<\/p>\n\t\t\t<\/div>\n\t\t<\/div>\n\t\t<div class=\"col-lg-6 col-md-6 col-sm-6 col-xs-12\">\n\t\t\t<div class=\"input-group\">\n\t\t\t\t<p><span class=\"wpcf7-form-control-wrap\" data-name=\"message\"><textarea cols=\"40\" rows=\"10\" maxlength=\"2000\" class=\"wpcf7-form-control wpcf7-textarea wpcf7-validates-as-required\" aria-required=\"true\" aria-invalid=\"false\" placeholder=\"Votre message *\" name=\"message\"><\/textarea><\/span>\n\t\t\t\t<\/p>\n\t\t\t<\/div>\n\t\t\t<div class=\"input-group\">\n\t\t\t\t<p><button type=\"submit\" class=\"button size-lg icon_right\">soumettre<i class=\"fa fa-chevron-right\"><\/i><\/button>\n\t\t\t\t<\/p>\n\t\t\t<\/div>\n\t\t<\/div>\n\t<\/div>\n<\/div><div class=\"wpcf7-response-output\" aria-hidden=\"true\"><\/div>\n<\/form>\n<\/div>\n[\/vc_column_inner][\/vc_row_inner][\/vc_column][\/vc_row]<\/p>\n<\/div>","protected":false},"excerpt":{"rendered":"<p>[vc_row css=\u00a0\u00bb.vc_custom_1452509933393{margin-bottom: 41px !important;}\u00a0\u00bb][vc_column][vc_row_inner css=\u00a0\u00bb.vc_custom_1452504967583{margin-bottom: 33px !important;}\u00a0\u00bb][vc_column_inner width=\u00a0\u00bb1\/2&Prime;][stm_contacts_widget class=\u00a0\u00bboverlay_3&Prime; phone=\u00a0\u00bbTel\/Fax : +98 21 44 49 22 80&Prime; email=\u00a0\u00bbinfo@tadavom-co.com\u00a0\u00bb css=\u00a0\u00bb.vc_custom_1479049307505{padding-top: 46px !important;padding-right: 50px !important;padding-bottom: 46px !important;padding-left: 50px !important;background-image: url(https:\/\/www.tadavom-co.com\/wp-content\/uploads\/2016\/10\/flag-iran.png?id=1408) !important;background-position: center !important;background-repeat: no-repeat !important;background-size: cover !important;}\u00a0\u00bb title=\u00a0\u00bbNos coordonn\u00e9es en Iran\u00a0\u00bb address=\u00a0\u00bbTadavom Co., 2\u00e8me \u00e9tage, n\u00b019, 19 Bahman Alley, Sattari Highway, Tehran, Iran\u00a0\u00bb][\/vc_column_inner][vc_column_inner width=\u00a0\u00bb1\/2&Prime;][vc_gmaps link=\u00a0\u00bb#E-8_JTNDaWZyYW1lJTIwc3JjJTNEJTIyaHR0cHMlM0ElMkYlMkZ3d3cuZ29vZ2xlLmNvbSUyRm1hcHMlMkZlbWJlZCUzRnBiJTNEJTIxMW0xOCUyMTFtMTIlMjExbTMlMjExZDMyMzcuODM1ODU4Mjk0OTM4NiUyMTJkNTEuMzE2ODIyNTQzMzUzMjU0JTIxM2QzNS43NTQ4Mzg5ODU5ODMyMDYlMjEybTMlMjExZjAlMjEyZjAlMjEzZjAlMjEzbTIlMjExaTEwMjQlMjEyaTc2OCUyMTRmMTMuMSUyMTNtMyUyMTFtMiUyMTFzMHgwJTI1M0EweDAlMjEyek16WENzRFExSnpFM0xqUWlUaUExTWNLd01Ua25NRGN1TWlKRiUyMTVlMCUyMTNtMiUyMTFzZW4lMjEyc2lyJTIxNHYxNDc0MTIzMDY2NzY1JTIyJTIwd2lkdGglM0QlMjI2MDAlMjIlMjBoZWlnaHQlM0QlMjI0NTAlMjIlMjBmcmFtZWJvcmRlciUzRCUyMjAlMjIlMjBzdHlsZSUzRCUyMmJvcmRlciUzQTAlMjIlMjBhbGxvd2Z1bGxzY3JlZW4lM0UlM0MlMkZpZnJhbWUlM0U=\u00a0\u00bb size=\u00a0\u00bb290px\u00a0\u00bb][\/vc_column_inner][\/vc_row_inner][vc_row_inner css=\u00a0\u00bb.vc_custom_1452504967583{margin-bottom:<\/p>\n","protected":false},"author":1,"featured_media":0,"parent":0,"menu_order":6,"comment_status":"closed","ping_status":"closed","template":"","meta":{"footnotes":""},"class_list":["post-1674","page","type-page","status-publish","hentry"],"yoast_head":"<!-- This site is optimized with the Yoast SEO plugin v27.5 - https:\/\/yoast.com\/product\/yoast-seo-wordpress\/ -->\n<title>Contactez-nous - TADAVOM Co<\/title>\n<meta name=\"robots\" content=\"index, follow, max-snippet:-1, max-image-preview:large, max-video-preview:-1\" \/>\n<link rel=\"canonical\" href=\"https:\/\/www.tadavom-co.com\/fr\/contactez-nous\/\" \/>\n<meta property=\"og:locale\" content=\"fr_FR\" \/>\n<meta property=\"og:type\" content=\"article\" \/>\n<meta property=\"og:title\" content=\"Contactez-nous - TADAVOM Co\" \/>\n<meta property=\"og:description\" content=\"[vc_row css=\u00a0\u00bb.vc_custom_1452509933393{margin-bottom: 41px !important;}\u00a0\u00bb][vc_column][vc_row_inner css=\u00a0\u00bb.vc_custom_1452504967583{margin-bottom: 33px !important;}\u00a0\u00bb][vc_column_inner width=\u00a0\u00bb1\/2&Prime;][stm_contacts_widget class=\u00a0\u00bboverlay_3&Prime; phone=\u00a0\u00bbTel\/Fax : +98 21 44 49 22 80&Prime; email=\u00a0\u00bbinfo@tadavom-co.com\u00a0\u00bb css=\u00a0\u00bb.vc_custom_1479049307505{padding-top: 46px !important;padding-right: 50px !important;padding-bottom: 46px !important;padding-left: 50px !important;background-image: url(https:\/\/www.tadavom-co.com\/wp-content\/uploads\/2016\/10\/flag-iran.png?id=1408) !important;background-position: center !important;background-repeat: no-repeat !important;background-size: cover !important;}\u00a0\u00bb title=\u00a0\u00bbNos coordonn\u00e9es en Iran\u00a0\u00bb address=\u00a0\u00bbTadavom Co., 2\u00e8me \u00e9tage, n\u00b019, 19 Bahman Alley, Sattari Highway, Tehran, Iran\u00a0\u00bb][\/vc_column_inner][vc_column_inner width=\u00a0\u00bb1\/2&Prime;][vc_gmaps link=\u00a0\u00bb#E-8_JTNDaWZyYW1lJTIwc3JjJTNEJTIyaHR0cHMlM0ElMkYlMkZ3d3cuZ29vZ2xlLmNvbSUyRm1hcHMlMkZlbWJlZCUzRnBiJTNEJTIxMW0xOCUyMTFtMTIlMjExbTMlMjExZDMyMzcuODM1ODU4Mjk0OTM4NiUyMTJkNTEuMzE2ODIyNTQzMzUzMjU0JTIxM2QzNS43NTQ4Mzg5ODU5ODMyMDYlMjEybTMlMjExZjAlMjEyZjAlMjEzZjAlMjEzbTIlMjExaTEwMjQlMjEyaTc2OCUyMTRmMTMuMSUyMTNtMyUyMTFtMiUyMTFzMHgwJTI1M0EweDAlMjEyek16WENzRFExSnpFM0xqUWlUaUExTWNLd01Ua25NRGN1TWlKRiUyMTVlMCUyMTNtMiUyMTFzZW4lMjEyc2lyJTIxNHYxNDc0MTIzMDY2NzY1JTIyJTIwd2lkdGglM0QlMjI2MDAlMjIlMjBoZWlnaHQlM0QlMjI0NTAlMjIlMjBmcmFtZWJvcmRlciUzRCUyMjAlMjIlMjBzdHlsZSUzRCUyMmJvcmRlciUzQTAlMjIlMjBhbGxvd2Z1bGxzY3JlZW4lM0UlM0MlMkZpZnJhbWUlM0U=\u00a0\u00bb size=\u00a0\u00bb290px\u00a0\u00bb][\/vc_column_inner][\/vc_row_inner][vc_row_inner css=\u00a0\u00bb.vc_custom_1452504967583{margin-bottom:\" \/>\n<meta property=\"og:url\" content=\"https:\/\/www.tadavom-co.com\/fr\/contactez-nous\/\" \/>\n<meta property=\"og:site_name\" content=\"TADAVOM Co\" \/>\n<meta property=\"article:modified_time\" content=\"2016-11-13T15:01:51+00:00\" \/>\n<meta name=\"twitter:card\" content=\"summary_large_image\" \/>\n<meta name=\"twitter:label1\" content=\"Dur\u00e9e de lecture estim\u00e9e\" \/>\n\t<meta name=\"twitter:data1\" content=\"2 minutes\" \/>\n<script type=\"application\/ld+json\" class=\"yoast-schema-graph\">{\"@context\":\"https:\\\/\\\/schema.org\",\"@graph\":[{\"@type\":\"WebPage\",\"@id\":\"https:\\\/\\\/www.tadavom-co.com\\\/fr\\\/contactez-nous\\\/\",\"url\":\"https:\\\/\\\/www.tadavom-co.com\\\/fr\\\/contactez-nous\\\/\",\"name\":\"Contactez-nous - TADAVOM Co\",\"isPartOf\":{\"@id\":\"https:\\\/\\\/www.tadavom-co.com\\\/fr\\\/#website\"},\"datePublished\":\"2016-11-02T10:34:49+00:00\",\"dateModified\":\"2016-11-13T15:01:51+00:00\",\"breadcrumb\":{\"@id\":\"https:\\\/\\\/www.tadavom-co.com\\\/fr\\\/contactez-nous\\\/#breadcrumb\"},\"inLanguage\":\"fr-FR\",\"potentialAction\":[{\"@type\":\"ReadAction\",\"target\":[\"https:\\\/\\\/www.tadavom-co.com\\\/fr\\\/contactez-nous\\\/\"]}]},{\"@type\":\"BreadcrumbList\",\"@id\":\"https:\\\/\\\/www.tadavom-co.com\\\/fr\\\/contactez-nous\\\/#breadcrumb\",\"itemListElement\":[{\"@type\":\"ListItem\",\"position\":1,\"name\":\"Home\",\"item\":\"https:\\\/\\\/www.tadavom-co.com\\\/fr\\\/\"},{\"@type\":\"ListItem\",\"position\":2,\"name\":\"Contactez-nous\"}]},{\"@type\":\"WebSite\",\"@id\":\"https:\\\/\\\/www.tadavom-co.com\\\/fr\\\/#website\",\"url\":\"https:\\\/\\\/www.tadavom-co.com\\\/fr\\\/\",\"name\":\"TADAVOM Co\",\"description\":\"Chemical, Cosmetic, Food and Pharmaceutical Products\",\"potentialAction\":[{\"@type\":\"SearchAction\",\"target\":{\"@type\":\"EntryPoint\",\"urlTemplate\":\"https:\\\/\\\/www.tadavom-co.com\\\/fr\\\/?s={search_term_string}\"},\"query-input\":{\"@type\":\"PropertyValueSpecification\",\"valueRequired\":true,\"valueName\":\"search_term_string\"}}],\"inLanguage\":\"fr-FR\"}]}<\/script>\n<!-- \/ Yoast SEO plugin. -->","yoast_head_json":{"title":"Contactez-nous - TADAVOM Co","robots":{"index":"index","follow":"follow","max-snippet":"max-snippet:-1","max-image-preview":"max-image-preview:large","max-video-preview":"max-video-preview:-1"},"canonical":"https:\/\/www.tadavom-co.com\/fr\/contactez-nous\/","og_locale":"fr_FR","og_type":"article","og_title":"Contactez-nous - TADAVOM Co","og_description":"[vc_row css=\u00a0\u00bb.vc_custom_1452509933393{margin-bottom: 41px !important;}\u00a0\u00bb][vc_column][vc_row_inner css=\u00a0\u00bb.vc_custom_1452504967583{margin-bottom: 33px !important;}\u00a0\u00bb][vc_column_inner width=\u00a0\u00bb1\/2&Prime;][stm_contacts_widget class=\u00a0\u00bboverlay_3&Prime; phone=\u00a0\u00bbTel\/Fax : +98 21 44 49 22 80&Prime; email=\u00a0\u00bbinfo@tadavom-co.com\u00a0\u00bb css=\u00a0\u00bb.vc_custom_1479049307505{padding-top: 46px !important;padding-right: 50px !important;padding-bottom: 46px !important;padding-left: 50px !important;background-image: url(https:\/\/www.tadavom-co.com\/wp-content\/uploads\/2016\/10\/flag-iran.png?id=1408) !important;background-position: center !important;background-repeat: no-repeat !important;background-size: cover !important;}\u00a0\u00bb title=\u00a0\u00bbNos coordonn\u00e9es en Iran\u00a0\u00bb address=\u00a0\u00bbTadavom Co., 2\u00e8me \u00e9tage, n\u00b019, 19 Bahman Alley, Sattari Highway, Tehran, Iran\u00a0\u00bb][\/vc_column_inner][vc_column_inner width=\u00a0\u00bb1\/2&Prime;][vc_gmaps link=\u00a0\u00bb#E-8_JTNDaWZyYW1lJTIwc3JjJTNEJTIyaHR0cHMlM0ElMkYlMkZ3d3cuZ29vZ2xlLmNvbSUyRm1hcHMlMkZlbWJlZCUzRnBiJTNEJTIxMW0xOCUyMTFtMTIlMjExbTMlMjExZDMyMzcuODM1ODU4Mjk0OTM4NiUyMTJkNTEuMzE2ODIyNTQzMzUzMjU0JTIxM2QzNS43NTQ4Mzg5ODU5ODMyMDYlMjEybTMlMjExZjAlMjEyZjAlMjEzZjAlMjEzbTIlMjExaTEwMjQlMjEyaTc2OCUyMTRmMTMuMSUyMTNtMyUyMTFtMiUyMTFzMHgwJTI1M0EweDAlMjEyek16WENzRFExSnpFM0xqUWlUaUExTWNLd01Ua25NRGN1TWlKRiUyMTVlMCUyMTNtMiUyMTFzZW4lMjEyc2lyJTIxNHYxNDc0MTIzMDY2NzY1JTIyJTIwd2lkdGglM0QlMjI2MDAlMjIlMjBoZWlnaHQlM0QlMjI0NTAlMjIlMjBmcmFtZWJvcmRlciUzRCUyMjAlMjIlMjBzdHlsZSUzRCUyMmJvcmRlciUzQTAlMjIlMjBhbGxvd2Z1bGxzY3JlZW4lM0UlM0MlMkZpZnJhbWUlM0U=\u00a0\u00bb size=\u00a0\u00bb290px\u00a0\u00bb][\/vc_column_inner][\/vc_row_inner][vc_row_inner css=\u00a0\u00bb.vc_custom_1452504967583{margin-bottom:","og_url":"https:\/\/www.tadavom-co.com\/fr\/contactez-nous\/","og_site_name":"TADAVOM Co","article_modified_time":"2016-11-13T15:01:51+00:00","twitter_card":"summary_large_image","twitter_misc":{"Dur\u00e9e de lecture estim\u00e9e":"2 minutes"},"schema":{"@context":"https:\/\/schema.org","@graph":[{"@type":"WebPage","@id":"https:\/\/www.tadavom-co.com\/fr\/contactez-nous\/","url":"https:\/\/www.tadavom-co.com\/fr\/contactez-nous\/","name":"Contactez-nous - TADAVOM Co","isPartOf":{"@id":"https:\/\/www.tadavom-co.com\/fr\/#website"},"datePublished":"2016-11-02T10:34:49+00:00","dateModified":"2016-11-13T15:01:51+00:00","breadcrumb":{"@id":"https:\/\/www.tadavom-co.com\/fr\/contactez-nous\/#breadcrumb"},"inLanguage":"fr-FR","potentialAction":[{"@type":"ReadAction","target":["https:\/\/www.tadavom-co.com\/fr\/contactez-nous\/"]}]},{"@type":"BreadcrumbList","@id":"https:\/\/www.tadavom-co.com\/fr\/contactez-nous\/#breadcrumb","itemListElement":[{"@type":"ListItem","position":1,"name":"Home","item":"https:\/\/www.tadavom-co.com\/fr\/"},{"@type":"ListItem","position":2,"name":"Contactez-nous"}]},{"@type":"WebSite","@id":"https:\/\/www.tadavom-co.com\/fr\/#website","url":"https:\/\/www.tadavom-co.com\/fr\/","name":"TADAVOM Co","description":"Chemical, Cosmetic, Food and Pharmaceutical Products","potentialAction":[{"@type":"SearchAction","target":{"@type":"EntryPoint","urlTemplate":"https:\/\/www.tadavom-co.com\/fr\/?s={search_term_string}"},"query-input":{"@type":"PropertyValueSpecification","valueRequired":true,"valueName":"search_term_string"}}],"inLanguage":"fr-FR"}]}},"_links":{"self":[{"href":"https:\/\/www.tadavom-co.com\/fr\/wp-json\/wp\/v2\/pages\/1674","targetHints":{"allow":["GET"]}}],"collection":[{"href":"https:\/\/www.tadavom-co.com\/fr\/wp-json\/wp\/v2\/pages"}],"about":[{"href":"https:\/\/www.tadavom-co.com\/fr\/wp-json\/wp\/v2\/types\/page"}],"author":[{"embeddable":true,"href":"https:\/\/www.tadavom-co.com\/fr\/wp-json\/wp\/v2\/users\/1"}],"replies":[{"embeddable":true,"href":"https:\/\/www.tadavom-co.com\/fr\/wp-json\/wp\/v2\/comments?post=1674"}],"version-history":[{"count":8,"href":"https:\/\/www.tadavom-co.com\/fr\/wp-json\/wp\/v2\/pages\/1674\/revisions"}],"predecessor-version":[{"id":1847,"href":"https:\/\/www.tadavom-co.com\/fr\/wp-json\/wp\/v2\/pages\/1674\/revisions\/1847"}],"wp:attachment":[{"href":"https:\/\/www.tadavom-co.com\/fr\/wp-json\/wp\/v2\/media?parent=1674"}],"curies":[{"name":"wp","href":"https:\/\/api.w.org\/{rel}","templated":true}]}}