{"id":1678,"date":"2016-11-02T14:09:34","date_gmt":"2016-11-02T10:39:34","guid":{"rendered":"https:\/\/www.tadavom-co.com\/?page_id=1678&#038;lang=fr"},"modified":"2016-11-09T12:17:07","modified_gmt":"2016-11-09T08:47:07","slug":"presence-en-europe","status":"publish","type":"page","link":"https:\/\/www.tadavom-co.com\/fr\/presence-en-europe\/","title":{"rendered":"Pr\u00e9sence en France"},"content":{"rendered":"<div class=\"wpb-content-wrapper\"><p>[vc_row][vc_column][vc_column_text]Trait d\u2019union entre la France et l\u2019Iran<\/p>\n<p>Gr\u00e2ce \u00e0 la pr\u00e9sence de Foodbiotic en France, Tadavom est cr\u00e9atrice d\u2019opportunit\u00e9s pour les <strong>entreprises fran\u00e7aises <\/strong>en Iran et pour les <strong>entreprises iraniennes<\/strong> en France<strong>.<\/strong>[\/vc_column_text][\/vc_column][\/vc_row][vc_row][vc_column][vc_raw_html css=\u00a0\u00bb.vc_custom_1478066538667{margin-top: 30px !important;margin-bottom: 30px !important;}\u00a0\u00bb]JTNDZGl2JTIwc3R5bGUlM0QlMjJ3aWR0aCUzQSUyMDEwMCUyNSUzQiUyMG1hcmdpbi1yaWdodCUzQSUyMDBweCUzQiUyMiUzRSUwQSUzQ2RpdiUzRSUwQSUzQ2ElMjBocmVmJTNEJTIyaHR0cCUzQSUyRiUyRmZvb2RiaW90aWMuY29tJTJGZW4lMjIlMjB0YXJnZXQlM0QlMjJfYmxhbmslMjIlM0UlMEElM0NpbWclMjBjbGFzcyUzRCUyMiUyMiUyMHNyYyUzRCUyMmh0dHAlM0ElMkYlMkZ3d3cudGFkYXZvbS1jby5jb20lMkZ3cC1jb250ZW50JTJGdXBsb2FkcyUyRjIwMTYlMkYwMSUyRmxvZ28tZm9vZGJpb3RpYy0xODB4OTYucG5nJTIyJTIwd2lkdGglM0QlMjIxODAlMjIlMjBoZWlnaHQlM0QlMjI5NiUyMiUyMGFsdCUzRCUyMmxvZ28tZm9vZGJpb3RpYyUyMiUyMHRpdGxlJTNEJTIybG9nby1mb29kYmlvdGljJTIyJTNFJTA5JTA5JTA5JTA5JTBBJTNDJTJGYSUzRSUwQSUzQyUyRmRpdiUzRSUwQSUzQyUyRmRpdiUzRQ==[\/vc_raw_html][\/vc_column][\/vc_row][vc_row][vc_column][vc_column_text css=\u00a0\u00bb.vc_custom_1478083240543{margin-bottom: 75px !important;}\u00a0\u00bb]En France, Foodbiotic, partenaire de Tadavom, est \u00e0 votre \u00e9coute pour soutenir vos projets.<br \/>\nFoodbiotic est sp\u00e9cialis\u00e9e dans la culture et la transformation de produits haut de gamme destin\u00e9s \u00e0 l&rsquo;industrie alimentaire, pharmaceutique et cosm\u00e9tique.[\/vc_column_text][\/vc_column][\/vc_row]<\/p>\n<\/div>","protected":false},"excerpt":{"rendered":"<p>[vc_row][vc_column][vc_column_text]Trait d\u2019union entre la France et l\u2019Iran Gr\u00e2ce \u00e0 la pr\u00e9sence de Foodbiotic en France, Tadavom est cr\u00e9atrice d\u2019opportunit\u00e9s pour les entreprises fran\u00e7aises en Iran et pour les entreprises iraniennes en France.[\/vc_column_text][\/vc_column][\/vc_row][vc_row][vc_column][vc_raw_html css=\u00a0\u00bb.vc_custom_1478066538667{margin-top: 30px !important;margin-bottom: 30px !important;}\u00a0\u00bb]JTNDZGl2JTIwc3R5bGUlM0QlMjJ3aWR0aCUzQSUyMDEwMCUyNSUzQiUyMG1hcmdpbi1yaWdodCUzQSUyMDBweCUzQiUyMiUzRSUwQSUzQ2RpdiUzRSUwQSUzQ2ElMjBocmVmJTNEJTIyaHR0cCUzQSUyRiUyRmZvb2RiaW90aWMuY29tJTJGZW4lMjIlMjB0YXJnZXQlM0QlMjJfYmxhbmslMjIlM0UlMEElM0NpbWclMjBjbGFzcyUzRCUyMiUyMiUyMHNyYyUzRCUyMmh0dHAlM0ElMkYlMkZ3d3cudGFkYXZvbS1jby5jb20lMkZ3cC1jb250ZW50JTJGdXBsb2FkcyUyRjIwMTYlMkYwMSUyRmxvZ28tZm9vZGJpb3RpYy0xODB4OTYucG5nJTIyJTIwd2lkdGglM0QlMjIxODAlMjIlMjBoZWlnaHQlM0QlMjI5NiUyMiUyMGFsdCUzRCUyMmxvZ28tZm9vZGJpb3RpYyUyMiUyMHRpdGxlJTNEJTIybG9nby1mb29kYmlvdGljJTIyJTNFJTA5JTA5JTA5JTA5JTBBJTNDJTJGYSUzRSUwQSUzQyUyRmRpdiUzRSUwQSUzQyUyRmRpdiUzRQ==[\/vc_raw_html][\/vc_column][\/vc_row][vc_row][vc_column][vc_column_text css=\u00a0\u00bb.vc_custom_1478083240543{margin-bottom: 75px !important;}\u00a0\u00bb]En France, Foodbiotic, partenaire de Tadavom, est \u00e0 votre \u00e9coute pour soutenir vos projets. Foodbiotic est<\/p>\n","protected":false},"author":1,"featured_media":0,"parent":0,"menu_order":0,"comment_status":"closed","ping_status":"closed","template":"","meta":{"footnotes":""},"class_list":["post-1678","page","type-page","status-publish","hentry"],"yoast_head":"<!-- This site is optimized with the Yoast SEO plugin v27.5 - https:\/\/yoast.com\/product\/yoast-seo-wordpress\/ -->\n<title>Pr\u00e9sence en France - TADAVOM Co<\/title>\n<meta name=\"robots\" content=\"index, follow, max-snippet:-1, max-image-preview:large, max-video-preview:-1\" \/>\n<link rel=\"canonical\" href=\"https:\/\/www.tadavom-co.com\/fr\/presence-en-europe\/\" \/>\n<meta property=\"og:locale\" content=\"fr_FR\" \/>\n<meta property=\"og:type\" content=\"article\" \/>\n<meta property=\"og:title\" content=\"Pr\u00e9sence en France - TADAVOM Co\" \/>\n<meta property=\"og:description\" content=\"[vc_row][vc_column][vc_column_text]Trait d\u2019union entre la France et l\u2019Iran Gr\u00e2ce \u00e0 la pr\u00e9sence de Foodbiotic en France, Tadavom est cr\u00e9atrice d\u2019opportunit\u00e9s pour les entreprises fran\u00e7aises en Iran et pour les entreprises iraniennes en France.[\/vc_column_text][\/vc_column][\/vc_row][vc_row][vc_column][vc_raw_html css=\u00a0\u00bb.vc_custom_1478066538667{margin-top: 30px !important;margin-bottom: 30px !important;}\u00a0\u00bb]JTNDZGl2JTIwc3R5bGUlM0QlMjJ3aWR0aCUzQSUyMDEwMCUyNSUzQiUyMG1hcmdpbi1yaWdodCUzQSUyMDBweCUzQiUyMiUzRSUwQSUzQ2RpdiUzRSUwQSUzQ2ElMjBocmVmJTNEJTIyaHR0cCUzQSUyRiUyRmZvb2RiaW90aWMuY29tJTJGZW4lMjIlMjB0YXJnZXQlM0QlMjJfYmxhbmslMjIlM0UlMEElM0NpbWclMjBjbGFzcyUzRCUyMiUyMiUyMHNyYyUzRCUyMmh0dHAlM0ElMkYlMkZ3d3cudGFkYXZvbS1jby5jb20lMkZ3cC1jb250ZW50JTJGdXBsb2FkcyUyRjIwMTYlMkYwMSUyRmxvZ28tZm9vZGJpb3RpYy0xODB4OTYucG5nJTIyJTIwd2lkdGglM0QlMjIxODAlMjIlMjBoZWlnaHQlM0QlMjI5NiUyMiUyMGFsdCUzRCUyMmxvZ28tZm9vZGJpb3RpYyUyMiUyMHRpdGxlJTNEJTIybG9nby1mb29kYmlvdGljJTIyJTNFJTA5JTA5JTA5JTA5JTBBJTNDJTJGYSUzRSUwQSUzQyUyRmRpdiUzRSUwQSUzQyUyRmRpdiUzRQ==[\/vc_raw_html][\/vc_column][\/vc_row][vc_row][vc_column][vc_column_text css=\u00a0\u00bb.vc_custom_1478083240543{margin-bottom: 75px !important;}\u00a0\u00bb]En France, Foodbiotic, partenaire de Tadavom, est \u00e0 votre \u00e9coute pour soutenir vos projets. Foodbiotic est\" \/>\n<meta property=\"og:url\" content=\"https:\/\/www.tadavom-co.com\/fr\/presence-en-europe\/\" \/>\n<meta property=\"og:site_name\" content=\"TADAVOM Co\" \/>\n<meta property=\"article:modified_time\" content=\"2016-11-09T08:47:07+00:00\" \/>\n<meta name=\"twitter:card\" content=\"summary_large_image\" \/>\n<meta name=\"twitter:label1\" content=\"Dur\u00e9e de lecture estim\u00e9e\" \/>\n\t<meta name=\"twitter:data1\" content=\"1 minute\" \/>\n<script type=\"application\/ld+json\" class=\"yoast-schema-graph\">{\"@context\":\"https:\\\/\\\/schema.org\",\"@graph\":[{\"@type\":\"WebPage\",\"@id\":\"https:\\\/\\\/www.tadavom-co.com\\\/fr\\\/presence-en-europe\\\/\",\"url\":\"https:\\\/\\\/www.tadavom-co.com\\\/fr\\\/presence-en-europe\\\/\",\"name\":\"Pr\u00e9sence en France - TADAVOM Co\",\"isPartOf\":{\"@id\":\"https:\\\/\\\/www.tadavom-co.com\\\/fr\\\/#website\"},\"datePublished\":\"2016-11-02T10:39:34+00:00\",\"dateModified\":\"2016-11-09T08:47:07+00:00\",\"breadcrumb\":{\"@id\":\"https:\\\/\\\/www.tadavom-co.com\\\/fr\\\/presence-en-europe\\\/#breadcrumb\"},\"inLanguage\":\"fr-FR\",\"potentialAction\":[{\"@type\":\"ReadAction\",\"target\":[\"https:\\\/\\\/www.tadavom-co.com\\\/fr\\\/presence-en-europe\\\/\"]}]},{\"@type\":\"BreadcrumbList\",\"@id\":\"https:\\\/\\\/www.tadavom-co.com\\\/fr\\\/presence-en-europe\\\/#breadcrumb\",\"itemListElement\":[{\"@type\":\"ListItem\",\"position\":1,\"name\":\"Home\",\"item\":\"https:\\\/\\\/www.tadavom-co.com\\\/fr\\\/\"},{\"@type\":\"ListItem\",\"position\":2,\"name\":\"Pr\u00e9sence en France\"}]},{\"@type\":\"WebSite\",\"@id\":\"https:\\\/\\\/www.tadavom-co.com\\\/fr\\\/#website\",\"url\":\"https:\\\/\\\/www.tadavom-co.com\\\/fr\\\/\",\"name\":\"TADAVOM Co\",\"description\":\"Chemical, Cosmetic, Food and Pharmaceutical Products\",\"potentialAction\":[{\"@type\":\"SearchAction\",\"target\":{\"@type\":\"EntryPoint\",\"urlTemplate\":\"https:\\\/\\\/www.tadavom-co.com\\\/fr\\\/?s={search_term_string}\"},\"query-input\":{\"@type\":\"PropertyValueSpecification\",\"valueRequired\":true,\"valueName\":\"search_term_string\"}}],\"inLanguage\":\"fr-FR\"}]}<\/script>\n<!-- \/ Yoast SEO plugin. -->","yoast_head_json":{"title":"Pr\u00e9sence en France - TADAVOM Co","robots":{"index":"index","follow":"follow","max-snippet":"max-snippet:-1","max-image-preview":"max-image-preview:large","max-video-preview":"max-video-preview:-1"},"canonical":"https:\/\/www.tadavom-co.com\/fr\/presence-en-europe\/","og_locale":"fr_FR","og_type":"article","og_title":"Pr\u00e9sence en France - TADAVOM Co","og_description":"[vc_row][vc_column][vc_column_text]Trait d\u2019union entre la France et l\u2019Iran Gr\u00e2ce \u00e0 la pr\u00e9sence de Foodbiotic en France, Tadavom est cr\u00e9atrice d\u2019opportunit\u00e9s pour les entreprises fran\u00e7aises en Iran et pour les entreprises iraniennes en France.[\/vc_column_text][\/vc_column][\/vc_row][vc_row][vc_column][vc_raw_html css=\u00a0\u00bb.vc_custom_1478066538667{margin-top: 30px !important;margin-bottom: 30px !important;}\u00a0\u00bb]JTNDZGl2JTIwc3R5bGUlM0QlMjJ3aWR0aCUzQSUyMDEwMCUyNSUzQiUyMG1hcmdpbi1yaWdodCUzQSUyMDBweCUzQiUyMiUzRSUwQSUzQ2RpdiUzRSUwQSUzQ2ElMjBocmVmJTNEJTIyaHR0cCUzQSUyRiUyRmZvb2RiaW90aWMuY29tJTJGZW4lMjIlMjB0YXJnZXQlM0QlMjJfYmxhbmslMjIlM0UlMEElM0NpbWclMjBjbGFzcyUzRCUyMiUyMiUyMHNyYyUzRCUyMmh0dHAlM0ElMkYlMkZ3d3cudGFkYXZvbS1jby5jb20lMkZ3cC1jb250ZW50JTJGdXBsb2FkcyUyRjIwMTYlMkYwMSUyRmxvZ28tZm9vZGJpb3RpYy0xODB4OTYucG5nJTIyJTIwd2lkdGglM0QlMjIxODAlMjIlMjBoZWlnaHQlM0QlMjI5NiUyMiUyMGFsdCUzRCUyMmxvZ28tZm9vZGJpb3RpYyUyMiUyMHRpdGxlJTNEJTIybG9nby1mb29kYmlvdGljJTIyJTNFJTA5JTA5JTA5JTA5JTBBJTNDJTJGYSUzRSUwQSUzQyUyRmRpdiUzRSUwQSUzQyUyRmRpdiUzRQ==[\/vc_raw_html][\/vc_column][\/vc_row][vc_row][vc_column][vc_column_text css=\u00a0\u00bb.vc_custom_1478083240543{margin-bottom: 75px !important;}\u00a0\u00bb]En France, Foodbiotic, partenaire de Tadavom, est \u00e0 votre \u00e9coute pour soutenir vos projets. Foodbiotic est","og_url":"https:\/\/www.tadavom-co.com\/fr\/presence-en-europe\/","og_site_name":"TADAVOM Co","article_modified_time":"2016-11-09T08:47:07+00:00","twitter_card":"summary_large_image","twitter_misc":{"Dur\u00e9e de lecture estim\u00e9e":"1 minute"},"schema":{"@context":"https:\/\/schema.org","@graph":[{"@type":"WebPage","@id":"https:\/\/www.tadavom-co.com\/fr\/presence-en-europe\/","url":"https:\/\/www.tadavom-co.com\/fr\/presence-en-europe\/","name":"Pr\u00e9sence en France - TADAVOM Co","isPartOf":{"@id":"https:\/\/www.tadavom-co.com\/fr\/#website"},"datePublished":"2016-11-02T10:39:34+00:00","dateModified":"2016-11-09T08:47:07+00:00","breadcrumb":{"@id":"https:\/\/www.tadavom-co.com\/fr\/presence-en-europe\/#breadcrumb"},"inLanguage":"fr-FR","potentialAction":[{"@type":"ReadAction","target":["https:\/\/www.tadavom-co.com\/fr\/presence-en-europe\/"]}]},{"@type":"BreadcrumbList","@id":"https:\/\/www.tadavom-co.com\/fr\/presence-en-europe\/#breadcrumb","itemListElement":[{"@type":"ListItem","position":1,"name":"Home","item":"https:\/\/www.tadavom-co.com\/fr\/"},{"@type":"ListItem","position":2,"name":"Pr\u00e9sence en France"}]},{"@type":"WebSite","@id":"https:\/\/www.tadavom-co.com\/fr\/#website","url":"https:\/\/www.tadavom-co.com\/fr\/","name":"TADAVOM Co","description":"Chemical, Cosmetic, Food and Pharmaceutical Products","potentialAction":[{"@type":"SearchAction","target":{"@type":"EntryPoint","urlTemplate":"https:\/\/www.tadavom-co.com\/fr\/?s={search_term_string}"},"query-input":{"@type":"PropertyValueSpecification","valueRequired":true,"valueName":"search_term_string"}}],"inLanguage":"fr-FR"}]}},"_links":{"self":[{"href":"https:\/\/www.tadavom-co.com\/fr\/wp-json\/wp\/v2\/pages\/1678","targetHints":{"allow":["GET"]}}],"collection":[{"href":"https:\/\/www.tadavom-co.com\/fr\/wp-json\/wp\/v2\/pages"}],"about":[{"href":"https:\/\/www.tadavom-co.com\/fr\/wp-json\/wp\/v2\/types\/page"}],"author":[{"embeddable":true,"href":"https:\/\/www.tadavom-co.com\/fr\/wp-json\/wp\/v2\/users\/1"}],"replies":[{"embeddable":true,"href":"https:\/\/www.tadavom-co.com\/fr\/wp-json\/wp\/v2\/comments?post=1678"}],"version-history":[{"count":5,"href":"https:\/\/www.tadavom-co.com\/fr\/wp-json\/wp\/v2\/pages\/1678\/revisions"}],"predecessor-version":[{"id":1808,"href":"https:\/\/www.tadavom-co.com\/fr\/wp-json\/wp\/v2\/pages\/1678\/revisions\/1808"}],"wp:attachment":[{"href":"https:\/\/www.tadavom-co.com\/fr\/wp-json\/wp\/v2\/media?parent=1678"}],"curies":[{"name":"wp","href":"https:\/\/api.w.org\/{rel}","templated":true}]}}