{"id":1699,"date":"2016-11-02T14:33:18","date_gmt":"2016-11-02T11:03:18","guid":{"rendered":"https:\/\/www.tadavom-co.com\/?page_id=1699&#038;lang=fr"},"modified":"2016-11-12T11:00:47","modified_gmt":"2016-11-12T07:30:47","slug":"conseil","status":"publish","type":"page","link":"https:\/\/www.tadavom-co.com\/fr\/conseil\/","title":{"rendered":"Conseil"},"content":{"rendered":"<div class=\"wpb-content-wrapper\"><p>[vc_row][vc_column][vc_column_text]<\/p>\n<h3>Nous facilitons la concr\u00e9tisation de vos projets d\u2019exportation en Iran.<\/h3>\n<ul>\n<li>Simplifier les proc\u00e9dures d\u2019exportation des produits fran\u00e7ais en Iran.<\/li>\n<\/ul>\n<p>Les proc\u00e9dures d\u2019importation iranienne englobent les r\u00e8gles et r\u00e8glements en mati\u00e8re d\u2019importation et de douane, les droits, les taxes et autres aspects. Celles-ci font l\u2019objet de fr\u00e9quentes modifications dans la mesure o\u00f9 l\u2019Iran a pour but d\u2019adh\u00e9rer \u00e0 l\u2019OMC. Pr\u00e9sents sur place et inform\u00e9s de ces diff\u00e9rents changements, nous simplifions vos d\u00e9marches. Les r\u00e9glementations et les douanes sont normalis\u00e9es par\u00a0\u00a0 l\u2019institut des Normes et de la Recherche Industrielle en Iran (SIRI) qui est int\u00e9gr\u00e9e dans le r\u00e9seau international de normalisation. L\u2019ISIRI est effectivement membre de l\u2019Organisation International et la Normalisation (ISO) et de l\u2019Organisation Internationale de M\u00e9trologie et de la Commission Electronique internationale.<\/p>\n<ul>\n<li style=\"margin-left: 60px;\">Accompagnement dans la gestion et l\u2019optimisation des op\u00e9rations li\u00e9es \u00e0 l\u2019exportation (participation \u00e0 la constitution des dossiers\u2026).<\/li>\n<li style=\"margin-left: 60px;\">Prise en charge des aspects relationnels et administratifs.<\/li>\n<li style=\"margin-left: 60px;\">Gestion d\u2019agenda et permanence t\u00e9l\u00e9phonique sur place.<\/li>\n<li style=\"margin-left: 60px;\">Identification des march\u00e9s cibles en Iran.<\/li>\n<\/ul>\n<ul>\n<li>Accompagner les entreprises dans leurs d\u00e9marches en Iran\u00a0: analyses de march\u00e9, d\u00e9marches administratives, r\u00e9glementaires et juridiques, aide pour le choix du lieu d\u2019installation dans le cas d\u2019un projet d\u2019implantation en Iran.<\/li>\n<\/ul>\n<p><strong>\u00a0<\/strong><\/p>\n<h3><strong>Nos points forts<\/strong><\/h3>\n<ul>\n<li>Une totale ma\u00eetrise de la communication et des techniques de n\u00e9gociation en Iran.<\/li>\n<\/ul>\n<ul>\n<li>Des connaissances approfondies du pays et de son environnement \u00e9conomique.<\/li>\n<\/ul>\n<ul>\n<li>Une excellente compr\u00e9hension et une prise en compte des complexit\u00e9s r\u00e9gionales et culturelles.<\/li>\n<\/ul>\n<ul>\n<li>Un personnel qualifi\u00e9.<\/li>\n<\/ul>\n<ul>\n<li>Un si\u00e8ge social localis\u00e9 au c\u0153ur de T\u00e9h\u00e9ran.<\/li>\n<\/ul>\n<ul>\n<li>Un interlocuteur \u00e0 votre \u00e9coute en France : Foodbiotic<\/li>\n<li>Un accompagnement sur mesure adapt\u00e9 aux besoins des mandants.<\/li>\n<\/ul>\n<p>[\/vc_column_text][\/vc_column][\/vc_row][vc_row full_width=\u00a0\u00bbstretch_row\u00a0\u00bb el_class=\u00a0\u00bbthird_bg_color\u00a0\u00bb css=\u00a0\u00bb.vc_custom_1478069757003{margin-top: 70px !important;}\u00a0\u00bb][vc_column][vc_cta h2=\u00a0\u00bbTadavom Co., votre partenaire en Iran\u00a0\u00bb h2_font_container=\u00a0\u00bbfont_size:20px|color:%23000000|line_height:24px\u00a0\u00bb h2_use_theme_fonts=\u00a0\u00bbyes\u00a0\u00bb shape=\u00a0\u00bbsquare\u00a0\u00bb style=\u00a0\u00bbflat\u00a0\u00bb add_button=\u00a0\u00bbright\u00a0\u00bb btn_title=\u00a0\u00bbEnvoyer un mail\u00a0\u00bb btn_style=\u00a0\u00bbflat\u00a0\u00bb btn_color=\u00a0\u00bbtheme_style_2&Prime; btn_align=\u00a0\u00bbright\u00a0\u00bb btn_i_align=\u00a0\u00bbright\u00a0\u00bb btn_i_icon_fontawesome=\u00a0\u00bbfa fa-chevron-right\u00a0\u00bb btn_add_icon=\u00a0\u00bbtrue\u00a0\u00bb btn_button_block=\u00a0\u00bbtrue\u00a0\u00bb el_class=\u00a0\u00bbthird_bg_color\u00a0\u00bb css=\u00a0\u00bb.vc_custom_1478935833328{margin-bottom: 0px !important;}\u00a0\u00bb use_custom_fonts_h2=\u00a0\u00bbtrue\u00a0\u00bb btn_link=\u00a0\u00bburl:http%3A%2F%2Fwww.tadavom-co.com%2Ffr%2Fcontactez-nous%2F||\u00a0\u00bb][\/vc_cta][\/vc_column][\/vc_row]<\/p>\n<\/div>","protected":false},"excerpt":{"rendered":"<p>[vc_row][vc_column][vc_column_text] Nous facilitons la concr\u00e9tisation de vos projets d\u2019exportation en Iran. Simplifier les proc\u00e9dures d\u2019exportation des produits fran\u00e7ais en Iran. Les proc\u00e9dures d\u2019importation iranienne englobent les r\u00e8gles et r\u00e8glements en mati\u00e8re d\u2019importation et de douane, les droits, les taxes et autres aspects. Celles-ci font l\u2019objet de fr\u00e9quentes modifications dans la mesure o\u00f9 l\u2019Iran a pour<\/p>\n","protected":false},"author":1,"featured_media":0,"parent":0,"menu_order":0,"comment_status":"closed","ping_status":"closed","template":"","meta":{"footnotes":""},"class_list":["post-1699","page","type-page","status-publish","hentry"],"yoast_head":"<!-- This site is optimized with the Yoast SEO plugin v27.5 - https:\/\/yoast.com\/product\/yoast-seo-wordpress\/ -->\n<title>Conseil - TADAVOM Co<\/title>\n<meta name=\"robots\" content=\"index, follow, max-snippet:-1, max-image-preview:large, max-video-preview:-1\" \/>\n<link rel=\"canonical\" href=\"https:\/\/www.tadavom-co.com\/fr\/conseil\/\" \/>\n<meta property=\"og:locale\" content=\"fr_FR\" \/>\n<meta property=\"og:type\" content=\"article\" \/>\n<meta property=\"og:title\" content=\"Conseil - TADAVOM Co\" \/>\n<meta property=\"og:description\" content=\"[vc_row][vc_column][vc_column_text] Nous facilitons la concr\u00e9tisation de vos projets d\u2019exportation en Iran. Simplifier les proc\u00e9dures d\u2019exportation des produits fran\u00e7ais en Iran. Les proc\u00e9dures d\u2019importation iranienne englobent les r\u00e8gles et r\u00e8glements en mati\u00e8re d\u2019importation et de douane, les droits, les taxes et autres aspects. Celles-ci font l\u2019objet de fr\u00e9quentes modifications dans la mesure o\u00f9 l\u2019Iran a pour\" \/>\n<meta property=\"og:url\" content=\"https:\/\/www.tadavom-co.com\/fr\/conseil\/\" \/>\n<meta property=\"og:site_name\" content=\"TADAVOM Co\" \/>\n<meta property=\"article:modified_time\" content=\"2016-11-12T07:30:47+00:00\" \/>\n<meta name=\"twitter:card\" content=\"summary_large_image\" \/>\n<meta name=\"twitter:label1\" content=\"Dur\u00e9e de lecture estim\u00e9e\" \/>\n\t<meta name=\"twitter:data1\" content=\"2 minutes\" \/>\n<script type=\"application\/ld+json\" class=\"yoast-schema-graph\">{\"@context\":\"https:\\\/\\\/schema.org\",\"@graph\":[{\"@type\":\"WebPage\",\"@id\":\"https:\\\/\\\/www.tadavom-co.com\\\/fr\\\/conseil\\\/\",\"url\":\"https:\\\/\\\/www.tadavom-co.com\\\/fr\\\/conseil\\\/\",\"name\":\"Conseil - TADAVOM Co\",\"isPartOf\":{\"@id\":\"https:\\\/\\\/www.tadavom-co.com\\\/fr\\\/#website\"},\"datePublished\":\"2016-11-02T11:03:18+00:00\",\"dateModified\":\"2016-11-12T07:30:47+00:00\",\"breadcrumb\":{\"@id\":\"https:\\\/\\\/www.tadavom-co.com\\\/fr\\\/conseil\\\/#breadcrumb\"},\"inLanguage\":\"fr-FR\",\"potentialAction\":[{\"@type\":\"ReadAction\",\"target\":[\"https:\\\/\\\/www.tadavom-co.com\\\/fr\\\/conseil\\\/\"]}]},{\"@type\":\"BreadcrumbList\",\"@id\":\"https:\\\/\\\/www.tadavom-co.com\\\/fr\\\/conseil\\\/#breadcrumb\",\"itemListElement\":[{\"@type\":\"ListItem\",\"position\":1,\"name\":\"Home\",\"item\":\"https:\\\/\\\/www.tadavom-co.com\\\/fr\\\/\"},{\"@type\":\"ListItem\",\"position\":2,\"name\":\"Conseil\"}]},{\"@type\":\"WebSite\",\"@id\":\"https:\\\/\\\/www.tadavom-co.com\\\/fr\\\/#website\",\"url\":\"https:\\\/\\\/www.tadavom-co.com\\\/fr\\\/\",\"name\":\"TADAVOM Co\",\"description\":\"Chemical, Cosmetic, Food and Pharmaceutical Products\",\"potentialAction\":[{\"@type\":\"SearchAction\",\"target\":{\"@type\":\"EntryPoint\",\"urlTemplate\":\"https:\\\/\\\/www.tadavom-co.com\\\/fr\\\/?s={search_term_string}\"},\"query-input\":{\"@type\":\"PropertyValueSpecification\",\"valueRequired\":true,\"valueName\":\"search_term_string\"}}],\"inLanguage\":\"fr-FR\"}]}<\/script>\n<!-- \/ Yoast SEO plugin. -->","yoast_head_json":{"title":"Conseil - TADAVOM Co","robots":{"index":"index","follow":"follow","max-snippet":"max-snippet:-1","max-image-preview":"max-image-preview:large","max-video-preview":"max-video-preview:-1"},"canonical":"https:\/\/www.tadavom-co.com\/fr\/conseil\/","og_locale":"fr_FR","og_type":"article","og_title":"Conseil - TADAVOM Co","og_description":"[vc_row][vc_column][vc_column_text] Nous facilitons la concr\u00e9tisation de vos projets d\u2019exportation en Iran. Simplifier les proc\u00e9dures d\u2019exportation des produits fran\u00e7ais en Iran. Les proc\u00e9dures d\u2019importation iranienne englobent les r\u00e8gles et r\u00e8glements en mati\u00e8re d\u2019importation et de douane, les droits, les taxes et autres aspects. Celles-ci font l\u2019objet de fr\u00e9quentes modifications dans la mesure o\u00f9 l\u2019Iran a pour","og_url":"https:\/\/www.tadavom-co.com\/fr\/conseil\/","og_site_name":"TADAVOM Co","article_modified_time":"2016-11-12T07:30:47+00:00","twitter_card":"summary_large_image","twitter_misc":{"Dur\u00e9e de lecture estim\u00e9e":"2 minutes"},"schema":{"@context":"https:\/\/schema.org","@graph":[{"@type":"WebPage","@id":"https:\/\/www.tadavom-co.com\/fr\/conseil\/","url":"https:\/\/www.tadavom-co.com\/fr\/conseil\/","name":"Conseil - TADAVOM Co","isPartOf":{"@id":"https:\/\/www.tadavom-co.com\/fr\/#website"},"datePublished":"2016-11-02T11:03:18+00:00","dateModified":"2016-11-12T07:30:47+00:00","breadcrumb":{"@id":"https:\/\/www.tadavom-co.com\/fr\/conseil\/#breadcrumb"},"inLanguage":"fr-FR","potentialAction":[{"@type":"ReadAction","target":["https:\/\/www.tadavom-co.com\/fr\/conseil\/"]}]},{"@type":"BreadcrumbList","@id":"https:\/\/www.tadavom-co.com\/fr\/conseil\/#breadcrumb","itemListElement":[{"@type":"ListItem","position":1,"name":"Home","item":"https:\/\/www.tadavom-co.com\/fr\/"},{"@type":"ListItem","position":2,"name":"Conseil"}]},{"@type":"WebSite","@id":"https:\/\/www.tadavom-co.com\/fr\/#website","url":"https:\/\/www.tadavom-co.com\/fr\/","name":"TADAVOM Co","description":"Chemical, Cosmetic, Food and Pharmaceutical Products","potentialAction":[{"@type":"SearchAction","target":{"@type":"EntryPoint","urlTemplate":"https:\/\/www.tadavom-co.com\/fr\/?s={search_term_string}"},"query-input":{"@type":"PropertyValueSpecification","valueRequired":true,"valueName":"search_term_string"}}],"inLanguage":"fr-FR"}]}},"_links":{"self":[{"href":"https:\/\/www.tadavom-co.com\/fr\/wp-json\/wp\/v2\/pages\/1699","targetHints":{"allow":["GET"]}}],"collection":[{"href":"https:\/\/www.tadavom-co.com\/fr\/wp-json\/wp\/v2\/pages"}],"about":[{"href":"https:\/\/www.tadavom-co.com\/fr\/wp-json\/wp\/v2\/types\/page"}],"author":[{"embeddable":true,"href":"https:\/\/www.tadavom-co.com\/fr\/wp-json\/wp\/v2\/users\/1"}],"replies":[{"embeddable":true,"href":"https:\/\/www.tadavom-co.com\/fr\/wp-json\/wp\/v2\/comments?post=1699"}],"version-history":[{"count":12,"href":"https:\/\/www.tadavom-co.com\/fr\/wp-json\/wp\/v2\/pages\/1699\/revisions"}],"predecessor-version":[{"id":1838,"href":"https:\/\/www.tadavom-co.com\/fr\/wp-json\/wp\/v2\/pages\/1699\/revisions\/1838"}],"wp:attachment":[{"href":"https:\/\/www.tadavom-co.com\/fr\/wp-json\/wp\/v2\/media?parent=1699"}],"curies":[{"name":"wp","href":"https:\/\/api.w.org\/{rel}","templated":true}]}}