{"id":1704,"date":"2016-11-02T14:38:29","date_gmt":"2016-11-02T11:08:29","guid":{"rendered":"https:\/\/www.tadavom-co.com\/?page_id=1704&#038;lang=fr"},"modified":"2016-11-12T11:00:51","modified_gmt":"2016-11-12T07:30:51","slug":"distribution","status":"publish","type":"page","link":"https:\/\/www.tadavom-co.com\/fr\/distribution\/","title":{"rendered":"Distribution"},"content":{"rendered":"<div class=\"wpb-content-wrapper\"><p>[vc_row][vc_column][vc_column_text]<\/p>\n<h3>Profitez de l\u2019opportunit\u00e9 que constitue la forte demande en produits europ\u00e9ens du march\u00e9 iranien.<\/h3>\n<ul>\n<li>Identifier le march\u00e9 et les circuits de distribution adapt\u00e9s aux produits cibles.<\/li>\n<\/ul>\n<ul>\n<li>Etudier, analyser et comprendre les besoins des clients afin d\u2019y r\u00e9pondre\u00a0 par une offre cibl\u00e9e.<\/li>\n<\/ul>\n<ul>\n<li>Maitrise technico \u2013 commerciale des produits distribu\u00e9s.<\/li>\n<\/ul>\n<ul>\n<li>N\u00e9gocier des contrats de vente en Iran, des secteurs de l\u2019agroalimentaire, des compl\u00e9ments alimentaires, des cosm\u00e9tiques et de la chimie.\n<ul>\n<li>N\u00e9gociation<\/li>\n<li>\u00c9tudes de march\u00e9<\/li>\n<li>\u00c9tudes techniques<\/li>\n<li>Gestion de la relation Client-Fournisseur<\/li>\n<\/ul>\n<\/li>\n<\/ul>\n<h3><strong>Nos<\/strong> points<strong> forts<\/strong><\/h3>\n<ul>\n<li>Une parfaite compr\u00e9hension des sp\u00e9cificit\u00e9s du march\u00e9 iranien.<\/li>\n<\/ul>\n<ul>\n<li>Des connaissances approfondies de l\u2019environnement politique, \u00e9conomique, linguistique et culturel en Iran.<\/li>\n<\/ul>\n<ul>\n<li>Une excellente maitrise des proc\u00e9dures d\u2019importation en Iran et des proc\u00e9dures d\u2019exportation en France.<\/li>\n<\/ul>\n<ul>\n<li>Une analyse r\u00e9guli\u00e8re des pratiques commerciales en Iran.<\/li>\n<\/ul>\n<ul>\n<li>Une bonne compr\u00e9hension des consommateurs iraniens.<\/li>\n<\/ul>\n<ul>\n<li>Un vaste r\u00e9seau de distributeurs et d\u2019agents commerciaux en Iran.<\/li>\n<\/ul>\n<p><strong>Foodbiotic peut proposer un service sur mesure pour faciliter les d\u00e9marches li\u00e9es \u00e0 l\u2019exportation vers l\u2019Iran.<\/strong>[\/vc_column_text][\/vc_column][\/vc_row][vc_row full_width=\u00a0\u00bbstretch_row\u00a0\u00bb el_class=\u00a0\u00bbthird_bg_color\u00a0\u00bb css=\u00a0\u00bb.vc_custom_1478069757003{margin-top: 70px !important;}\u00a0\u00bb][vc_column][vc_cta h2=\u00a0\u00bbTadavom Co., votre partenaire en Iran\u00a0\u00bb h2_font_container=\u00a0\u00bbfont_size:20px|color:%23000000|line_height:24px\u00a0\u00bb h2_use_theme_fonts=\u00a0\u00bbyes\u00a0\u00bb shape=\u00a0\u00bbsquare\u00a0\u00bb style=\u00a0\u00bbflat\u00a0\u00bb add_button=\u00a0\u00bbright\u00a0\u00bb btn_title=\u00a0\u00bbEnvoyer un mail\u00a0\u00bb btn_style=\u00a0\u00bbflat\u00a0\u00bb btn_color=\u00a0\u00bbtheme_style_2&Prime; btn_align=\u00a0\u00bbright\u00a0\u00bb btn_i_align=\u00a0\u00bbright\u00a0\u00bb btn_i_icon_fontawesome=\u00a0\u00bbfa fa-chevron-right\u00a0\u00bb btn_add_icon=\u00a0\u00bbtrue\u00a0\u00bb btn_button_block=\u00a0\u00bbtrue\u00a0\u00bb el_class=\u00a0\u00bbthird_bg_color\u00a0\u00bb css=\u00a0\u00bb.vc_custom_1478935839181{margin-bottom: 0px !important;}\u00a0\u00bb use_custom_fonts_h2=\u00a0\u00bbtrue\u00a0\u00bb btn_link=\u00a0\u00bburl:http%3A%2F%2Fwww.tadavom-co.com%2Ffr%2Fcontactez-nous%2F||\u00a0\u00bb][\/vc_cta][\/vc_column][\/vc_row]<\/p>\n<\/div>","protected":false},"excerpt":{"rendered":"<p>[vc_row][vc_column][vc_column_text] Profitez de l\u2019opportunit\u00e9 que constitue la forte demande en produits europ\u00e9ens du march\u00e9 iranien. Identifier le march\u00e9 et les circuits de distribution adapt\u00e9s aux produits cibles. Etudier, analyser et comprendre les besoins des clients afin d\u2019y r\u00e9pondre\u00a0 par une offre cibl\u00e9e. Maitrise technico \u2013 commerciale des produits distribu\u00e9s. N\u00e9gocier des contrats de vente en<\/p>\n","protected":false},"author":1,"featured_media":0,"parent":0,"menu_order":0,"comment_status":"closed","ping_status":"closed","template":"","meta":{"footnotes":""},"class_list":["post-1704","page","type-page","status-publish","hentry"],"yoast_head":"<!-- This site is optimized with the Yoast SEO plugin v27.5 - https:\/\/yoast.com\/product\/yoast-seo-wordpress\/ -->\n<title>Distribution - TADAVOM Co<\/title>\n<meta name=\"robots\" content=\"index, follow, max-snippet:-1, max-image-preview:large, max-video-preview:-1\" \/>\n<link rel=\"canonical\" href=\"https:\/\/www.tadavom-co.com\/fr\/distribution\/\" \/>\n<meta property=\"og:locale\" content=\"fr_FR\" \/>\n<meta property=\"og:type\" content=\"article\" \/>\n<meta property=\"og:title\" content=\"Distribution - TADAVOM Co\" \/>\n<meta property=\"og:description\" content=\"[vc_row][vc_column][vc_column_text] Profitez de l\u2019opportunit\u00e9 que constitue la forte demande en produits europ\u00e9ens du march\u00e9 iranien. Identifier le march\u00e9 et les circuits de distribution adapt\u00e9s aux produits cibles. Etudier, analyser et comprendre les besoins des clients afin d\u2019y r\u00e9pondre\u00a0 par une offre cibl\u00e9e. Maitrise technico \u2013 commerciale des produits distribu\u00e9s. N\u00e9gocier des contrats de vente en\" \/>\n<meta property=\"og:url\" content=\"https:\/\/www.tadavom-co.com\/fr\/distribution\/\" \/>\n<meta property=\"og:site_name\" content=\"TADAVOM Co\" \/>\n<meta property=\"article:modified_time\" content=\"2016-11-12T07:30:51+00:00\" \/>\n<meta name=\"twitter:card\" content=\"summary_large_image\" \/>\n<meta name=\"twitter:label1\" content=\"Dur\u00e9e de lecture estim\u00e9e\" \/>\n\t<meta name=\"twitter:data1\" content=\"2 minutes\" \/>\n<script type=\"application\/ld+json\" class=\"yoast-schema-graph\">{\"@context\":\"https:\\\/\\\/schema.org\",\"@graph\":[{\"@type\":\"WebPage\",\"@id\":\"https:\\\/\\\/www.tadavom-co.com\\\/fr\\\/distribution\\\/\",\"url\":\"https:\\\/\\\/www.tadavom-co.com\\\/fr\\\/distribution\\\/\",\"name\":\"Distribution - TADAVOM Co\",\"isPartOf\":{\"@id\":\"https:\\\/\\\/www.tadavom-co.com\\\/fr\\\/#website\"},\"datePublished\":\"2016-11-02T11:08:29+00:00\",\"dateModified\":\"2016-11-12T07:30:51+00:00\",\"breadcrumb\":{\"@id\":\"https:\\\/\\\/www.tadavom-co.com\\\/fr\\\/distribution\\\/#breadcrumb\"},\"inLanguage\":\"fr-FR\",\"potentialAction\":[{\"@type\":\"ReadAction\",\"target\":[\"https:\\\/\\\/www.tadavom-co.com\\\/fr\\\/distribution\\\/\"]}]},{\"@type\":\"BreadcrumbList\",\"@id\":\"https:\\\/\\\/www.tadavom-co.com\\\/fr\\\/distribution\\\/#breadcrumb\",\"itemListElement\":[{\"@type\":\"ListItem\",\"position\":1,\"name\":\"Home\",\"item\":\"https:\\\/\\\/www.tadavom-co.com\\\/fr\\\/\"},{\"@type\":\"ListItem\",\"position\":2,\"name\":\"Distribution\"}]},{\"@type\":\"WebSite\",\"@id\":\"https:\\\/\\\/www.tadavom-co.com\\\/fr\\\/#website\",\"url\":\"https:\\\/\\\/www.tadavom-co.com\\\/fr\\\/\",\"name\":\"TADAVOM Co\",\"description\":\"Chemical, Cosmetic, Food and Pharmaceutical Products\",\"potentialAction\":[{\"@type\":\"SearchAction\",\"target\":{\"@type\":\"EntryPoint\",\"urlTemplate\":\"https:\\\/\\\/www.tadavom-co.com\\\/fr\\\/?s={search_term_string}\"},\"query-input\":{\"@type\":\"PropertyValueSpecification\",\"valueRequired\":true,\"valueName\":\"search_term_string\"}}],\"inLanguage\":\"fr-FR\"}]}<\/script>\n<!-- \/ Yoast SEO plugin. -->","yoast_head_json":{"title":"Distribution - TADAVOM Co","robots":{"index":"index","follow":"follow","max-snippet":"max-snippet:-1","max-image-preview":"max-image-preview:large","max-video-preview":"max-video-preview:-1"},"canonical":"https:\/\/www.tadavom-co.com\/fr\/distribution\/","og_locale":"fr_FR","og_type":"article","og_title":"Distribution - TADAVOM Co","og_description":"[vc_row][vc_column][vc_column_text] Profitez de l\u2019opportunit\u00e9 que constitue la forte demande en produits europ\u00e9ens du march\u00e9 iranien. Identifier le march\u00e9 et les circuits de distribution adapt\u00e9s aux produits cibles. Etudier, analyser et comprendre les besoins des clients afin d\u2019y r\u00e9pondre\u00a0 par une offre cibl\u00e9e. Maitrise technico \u2013 commerciale des produits distribu\u00e9s. N\u00e9gocier des contrats de vente en","og_url":"https:\/\/www.tadavom-co.com\/fr\/distribution\/","og_site_name":"TADAVOM Co","article_modified_time":"2016-11-12T07:30:51+00:00","twitter_card":"summary_large_image","twitter_misc":{"Dur\u00e9e de lecture estim\u00e9e":"2 minutes"},"schema":{"@context":"https:\/\/schema.org","@graph":[{"@type":"WebPage","@id":"https:\/\/www.tadavom-co.com\/fr\/distribution\/","url":"https:\/\/www.tadavom-co.com\/fr\/distribution\/","name":"Distribution - TADAVOM Co","isPartOf":{"@id":"https:\/\/www.tadavom-co.com\/fr\/#website"},"datePublished":"2016-11-02T11:08:29+00:00","dateModified":"2016-11-12T07:30:51+00:00","breadcrumb":{"@id":"https:\/\/www.tadavom-co.com\/fr\/distribution\/#breadcrumb"},"inLanguage":"fr-FR","potentialAction":[{"@type":"ReadAction","target":["https:\/\/www.tadavom-co.com\/fr\/distribution\/"]}]},{"@type":"BreadcrumbList","@id":"https:\/\/www.tadavom-co.com\/fr\/distribution\/#breadcrumb","itemListElement":[{"@type":"ListItem","position":1,"name":"Home","item":"https:\/\/www.tadavom-co.com\/fr\/"},{"@type":"ListItem","position":2,"name":"Distribution"}]},{"@type":"WebSite","@id":"https:\/\/www.tadavom-co.com\/fr\/#website","url":"https:\/\/www.tadavom-co.com\/fr\/","name":"TADAVOM Co","description":"Chemical, Cosmetic, Food and Pharmaceutical Products","potentialAction":[{"@type":"SearchAction","target":{"@type":"EntryPoint","urlTemplate":"https:\/\/www.tadavom-co.com\/fr\/?s={search_term_string}"},"query-input":{"@type":"PropertyValueSpecification","valueRequired":true,"valueName":"search_term_string"}}],"inLanguage":"fr-FR"}]}},"_links":{"self":[{"href":"https:\/\/www.tadavom-co.com\/fr\/wp-json\/wp\/v2\/pages\/1704","targetHints":{"allow":["GET"]}}],"collection":[{"href":"https:\/\/www.tadavom-co.com\/fr\/wp-json\/wp\/v2\/pages"}],"about":[{"href":"https:\/\/www.tadavom-co.com\/fr\/wp-json\/wp\/v2\/types\/page"}],"author":[{"embeddable":true,"href":"https:\/\/www.tadavom-co.com\/fr\/wp-json\/wp\/v2\/users\/1"}],"replies":[{"embeddable":true,"href":"https:\/\/www.tadavom-co.com\/fr\/wp-json\/wp\/v2\/comments?post=1704"}],"version-history":[{"count":9,"href":"https:\/\/www.tadavom-co.com\/fr\/wp-json\/wp\/v2\/pages\/1704\/revisions"}],"predecessor-version":[{"id":1839,"href":"https:\/\/www.tadavom-co.com\/fr\/wp-json\/wp\/v2\/pages\/1704\/revisions\/1839"}],"wp:attachment":[{"href":"https:\/\/www.tadavom-co.com\/fr\/wp-json\/wp\/v2\/media?parent=1704"}],"curies":[{"name":"wp","href":"https:\/\/api.w.org\/{rel}","templated":true}]}}