{"id":1713,"date":"2016-11-02T14:47:48","date_gmt":"2016-11-02T11:17:48","guid":{"rendered":"https:\/\/www.tadavom-co.com\/?page_id=1713&#038;lang=fr"},"modified":"2016-11-12T11:01:02","modified_gmt":"2016-11-12T07:31:02","slug":"exportation-vers-europe","status":"publish","type":"page","link":"https:\/\/www.tadavom-co.com\/fr\/exportation-vers-europe\/","title":{"rendered":"Exportation vers l&rsquo;Europe"},"content":{"rendered":"<div class=\"wpb-content-wrapper\"><p>[vc_row][vc_column][vc_column_text]<\/p>\n<h3>Nous facilitons la concr\u00e9tisation de vos projets d\u2019exportation en Europe.<\/h3>\n<ul>\n<li>Faciliter les proc\u00e9dures d\u2019exportation des produits iraniens en Europe.\n<ul>\n<li>Aide \u00e0 l\u2019identification des march\u00e9s potentiels en Europe.<\/li>\n<li>Analyse des besoins des clients potentiels pour y r\u00e9pondre par une offre de produits adapt\u00e9e.<\/li>\n<li>Accompagnement dans la gestion et l\u2019optimisation des op\u00e9rations li\u00e9es \u00e0 l\u2019exportation.<\/li>\n<li>Accompagnement des entreprises iraniennes sur le march\u00e9 europ\u00e9en au niveau r\u00e9glementaire, juridique, culturel et linguistique.<\/li>\n<\/ul>\n<\/li>\n<\/ul>\n<h3><strong>Nos points<\/strong> forts<\/h3>\n<ul>\n<li>Une bonne compr\u00e9hension du march\u00e9 europ\u00e9en.<\/li>\n<\/ul>\n<ul>\n<li>Une excellente maitrise de la r\u00e9glementation en vigueur en Europe et en France plus particuli\u00e8rement.<\/li>\n<li>Foodbiotic est partenaire de Tadavom en France.<\/li>\n<\/ul>\n<p>[\/vc_column_text][\/vc_column][\/vc_row][vc_row full_width=\u00a0\u00bbstretch_row\u00a0\u00bb el_class=\u00a0\u00bbthird_bg_color\u00a0\u00bb css=\u00a0\u00bb.vc_custom_1478069757003{margin-top: 70px !important;}\u00a0\u00bb][vc_column][vc_cta h2=\u00a0\u00bbTadavom Co., votre partenaire en Iran\u00a0\u00bb h2_font_container=\u00a0\u00bbfont_size:20px|color:%23000000|line_height:24px\u00a0\u00bb h2_use_theme_fonts=\u00a0\u00bbyes\u00a0\u00bb shape=\u00a0\u00bbsquare\u00a0\u00bb style=\u00a0\u00bbflat\u00a0\u00bb add_button=\u00a0\u00bbright\u00a0\u00bb btn_title=\u00a0\u00bbEnvoyer un mail\u00a0\u00bb btn_style=\u00a0\u00bbflat\u00a0\u00bb btn_color=\u00a0\u00bbtheme_style_2&Prime; btn_align=\u00a0\u00bbright\u00a0\u00bb btn_i_align=\u00a0\u00bbright\u00a0\u00bb btn_i_icon_fontawesome=\u00a0\u00bbfa fa-chevron-right\u00a0\u00bb btn_add_icon=\u00a0\u00bbtrue\u00a0\u00bb btn_button_block=\u00a0\u00bbtrue\u00a0\u00bb el_class=\u00a0\u00bbthird_bg_color\u00a0\u00bb css=\u00a0\u00bb.vc_custom_1478935848672{margin-bottom: 0px !important;}\u00a0\u00bb use_custom_fonts_h2=\u00a0\u00bbtrue\u00a0\u00bb btn_link=\u00a0\u00bburl:http%3A%2F%2Fwww.tadavom-co.com%2Ffr%2Fcontactez-nous%2F||\u00a0\u00bb][\/vc_cta][\/vc_column][\/vc_row]<\/p>\n<\/div>","protected":false},"excerpt":{"rendered":"<p>[vc_row][vc_column][vc_column_text] Nous facilitons la concr\u00e9tisation de vos projets d\u2019exportation en Europe. Faciliter les proc\u00e9dures d\u2019exportation des produits iraniens en Europe. Aide \u00e0 l\u2019identification des march\u00e9s potentiels en Europe. Analyse des besoins des clients potentiels pour y r\u00e9pondre par une offre de produits adapt\u00e9e. Accompagnement dans la gestion et l\u2019optimisation des op\u00e9rations li\u00e9es \u00e0 l\u2019exportation. Accompagnement<\/p>\n","protected":false},"author":1,"featured_media":0,"parent":0,"menu_order":0,"comment_status":"closed","ping_status":"closed","template":"","meta":{"footnotes":""},"class_list":["post-1713","page","type-page","status-publish","hentry"],"yoast_head":"<!-- This site is optimized with the Yoast SEO plugin v27.5 - https:\/\/yoast.com\/product\/yoast-seo-wordpress\/ -->\n<title>Exportation vers l&#039;Europe - TADAVOM Co<\/title>\n<meta name=\"robots\" content=\"index, follow, max-snippet:-1, max-image-preview:large, max-video-preview:-1\" \/>\n<link rel=\"canonical\" href=\"https:\/\/www.tadavom-co.com\/fr\/exportation-vers-europe\/\" \/>\n<meta property=\"og:locale\" content=\"fr_FR\" \/>\n<meta property=\"og:type\" content=\"article\" \/>\n<meta property=\"og:title\" content=\"Exportation vers l&#039;Europe - TADAVOM Co\" \/>\n<meta property=\"og:description\" content=\"[vc_row][vc_column][vc_column_text] Nous facilitons la concr\u00e9tisation de vos projets d\u2019exportation en Europe. Faciliter les proc\u00e9dures d\u2019exportation des produits iraniens en Europe. Aide \u00e0 l\u2019identification des march\u00e9s potentiels en Europe. Analyse des besoins des clients potentiels pour y r\u00e9pondre par une offre de produits adapt\u00e9e. Accompagnement dans la gestion et l\u2019optimisation des op\u00e9rations li\u00e9es \u00e0 l\u2019exportation. Accompagnement\" \/>\n<meta property=\"og:url\" content=\"https:\/\/www.tadavom-co.com\/fr\/exportation-vers-europe\/\" \/>\n<meta property=\"og:site_name\" content=\"TADAVOM Co\" \/>\n<meta property=\"article:modified_time\" content=\"2016-11-12T07:31:02+00:00\" \/>\n<meta name=\"twitter:card\" content=\"summary_large_image\" \/>\n<meta name=\"twitter:label1\" content=\"Dur\u00e9e de lecture estim\u00e9e\" \/>\n\t<meta name=\"twitter:data1\" content=\"1 minute\" \/>\n<script type=\"application\/ld+json\" class=\"yoast-schema-graph\">{\"@context\":\"https:\\\/\\\/schema.org\",\"@graph\":[{\"@type\":\"WebPage\",\"@id\":\"https:\\\/\\\/www.tadavom-co.com\\\/fr\\\/exportation-vers-europe\\\/\",\"url\":\"https:\\\/\\\/www.tadavom-co.com\\\/fr\\\/exportation-vers-europe\\\/\",\"name\":\"Exportation vers l'Europe - TADAVOM Co\",\"isPartOf\":{\"@id\":\"https:\\\/\\\/www.tadavom-co.com\\\/fr\\\/#website\"},\"datePublished\":\"2016-11-02T11:17:48+00:00\",\"dateModified\":\"2016-11-12T07:31:02+00:00\",\"breadcrumb\":{\"@id\":\"https:\\\/\\\/www.tadavom-co.com\\\/fr\\\/exportation-vers-europe\\\/#breadcrumb\"},\"inLanguage\":\"fr-FR\",\"potentialAction\":[{\"@type\":\"ReadAction\",\"target\":[\"https:\\\/\\\/www.tadavom-co.com\\\/fr\\\/exportation-vers-europe\\\/\"]}]},{\"@type\":\"BreadcrumbList\",\"@id\":\"https:\\\/\\\/www.tadavom-co.com\\\/fr\\\/exportation-vers-europe\\\/#breadcrumb\",\"itemListElement\":[{\"@type\":\"ListItem\",\"position\":1,\"name\":\"Home\",\"item\":\"https:\\\/\\\/www.tadavom-co.com\\\/fr\\\/\"},{\"@type\":\"ListItem\",\"position\":2,\"name\":\"Exportation vers l&rsquo;Europe\"}]},{\"@type\":\"WebSite\",\"@id\":\"https:\\\/\\\/www.tadavom-co.com\\\/fr\\\/#website\",\"url\":\"https:\\\/\\\/www.tadavom-co.com\\\/fr\\\/\",\"name\":\"TADAVOM Co\",\"description\":\"Chemical, Cosmetic, Food and Pharmaceutical Products\",\"potentialAction\":[{\"@type\":\"SearchAction\",\"target\":{\"@type\":\"EntryPoint\",\"urlTemplate\":\"https:\\\/\\\/www.tadavom-co.com\\\/fr\\\/?s={search_term_string}\"},\"query-input\":{\"@type\":\"PropertyValueSpecification\",\"valueRequired\":true,\"valueName\":\"search_term_string\"}}],\"inLanguage\":\"fr-FR\"}]}<\/script>\n<!-- \/ Yoast SEO plugin. -->","yoast_head_json":{"title":"Exportation vers l'Europe - TADAVOM Co","robots":{"index":"index","follow":"follow","max-snippet":"max-snippet:-1","max-image-preview":"max-image-preview:large","max-video-preview":"max-video-preview:-1"},"canonical":"https:\/\/www.tadavom-co.com\/fr\/exportation-vers-europe\/","og_locale":"fr_FR","og_type":"article","og_title":"Exportation vers l'Europe - TADAVOM Co","og_description":"[vc_row][vc_column][vc_column_text] Nous facilitons la concr\u00e9tisation de vos projets d\u2019exportation en Europe. Faciliter les proc\u00e9dures d\u2019exportation des produits iraniens en Europe. Aide \u00e0 l\u2019identification des march\u00e9s potentiels en Europe. Analyse des besoins des clients potentiels pour y r\u00e9pondre par une offre de produits adapt\u00e9e. Accompagnement dans la gestion et l\u2019optimisation des op\u00e9rations li\u00e9es \u00e0 l\u2019exportation. Accompagnement","og_url":"https:\/\/www.tadavom-co.com\/fr\/exportation-vers-europe\/","og_site_name":"TADAVOM Co","article_modified_time":"2016-11-12T07:31:02+00:00","twitter_card":"summary_large_image","twitter_misc":{"Dur\u00e9e de lecture estim\u00e9e":"1 minute"},"schema":{"@context":"https:\/\/schema.org","@graph":[{"@type":"WebPage","@id":"https:\/\/www.tadavom-co.com\/fr\/exportation-vers-europe\/","url":"https:\/\/www.tadavom-co.com\/fr\/exportation-vers-europe\/","name":"Exportation vers l'Europe - TADAVOM Co","isPartOf":{"@id":"https:\/\/www.tadavom-co.com\/fr\/#website"},"datePublished":"2016-11-02T11:17:48+00:00","dateModified":"2016-11-12T07:31:02+00:00","breadcrumb":{"@id":"https:\/\/www.tadavom-co.com\/fr\/exportation-vers-europe\/#breadcrumb"},"inLanguage":"fr-FR","potentialAction":[{"@type":"ReadAction","target":["https:\/\/www.tadavom-co.com\/fr\/exportation-vers-europe\/"]}]},{"@type":"BreadcrumbList","@id":"https:\/\/www.tadavom-co.com\/fr\/exportation-vers-europe\/#breadcrumb","itemListElement":[{"@type":"ListItem","position":1,"name":"Home","item":"https:\/\/www.tadavom-co.com\/fr\/"},{"@type":"ListItem","position":2,"name":"Exportation vers l&rsquo;Europe"}]},{"@type":"WebSite","@id":"https:\/\/www.tadavom-co.com\/fr\/#website","url":"https:\/\/www.tadavom-co.com\/fr\/","name":"TADAVOM Co","description":"Chemical, Cosmetic, Food and Pharmaceutical Products","potentialAction":[{"@type":"SearchAction","target":{"@type":"EntryPoint","urlTemplate":"https:\/\/www.tadavom-co.com\/fr\/?s={search_term_string}"},"query-input":{"@type":"PropertyValueSpecification","valueRequired":true,"valueName":"search_term_string"}}],"inLanguage":"fr-FR"}]}},"_links":{"self":[{"href":"https:\/\/www.tadavom-co.com\/fr\/wp-json\/wp\/v2\/pages\/1713","targetHints":{"allow":["GET"]}}],"collection":[{"href":"https:\/\/www.tadavom-co.com\/fr\/wp-json\/wp\/v2\/pages"}],"about":[{"href":"https:\/\/www.tadavom-co.com\/fr\/wp-json\/wp\/v2\/types\/page"}],"author":[{"embeddable":true,"href":"https:\/\/www.tadavom-co.com\/fr\/wp-json\/wp\/v2\/users\/1"}],"replies":[{"embeddable":true,"href":"https:\/\/www.tadavom-co.com\/fr\/wp-json\/wp\/v2\/comments?post=1713"}],"version-history":[{"count":7,"href":"https:\/\/www.tadavom-co.com\/fr\/wp-json\/wp\/v2\/pages\/1713\/revisions"}],"predecessor-version":[{"id":1841,"href":"https:\/\/www.tadavom-co.com\/fr\/wp-json\/wp\/v2\/pages\/1713\/revisions\/1841"}],"wp:attachment":[{"href":"https:\/\/www.tadavom-co.com\/fr\/wp-json\/wp\/v2\/media?parent=1713"}],"curies":[{"name":"wp","href":"https:\/\/api.w.org\/{rel}","templated":true}]}}